{"id":6398,"date":"2026-03-24T16:35:53","date_gmt":"2026-03-24T15:35:53","guid":{"rendered":"https:\/\/ihu-respirera.fr\/?page_id=6398"},"modified":"2026-03-24T16:36:12","modified_gmt":"2026-03-24T15:36:12","slug":"privacy-policy-for-the-ihu-respirera-newsletter","status":"publish","type":"page","link":"https:\/\/ihu-respirera.fr\/en\/privacy-policy-for-the-ihu-respirera-newsletter\/","title":{"rendered":"Politique de confidentialit\u00e9 de la newsletter de l&rsquo;IHU RespirERA"},"content":{"rendered":"<div data-elementor-type=\"wp-page\" data-elementor-id=\"6398\" class=\"elementor elementor-6398\" data-elementor-post-type=\"page\">\n\t\t\t\t\t\t<section class=\"elementor-section elementor-top-section elementor-element elementor-element-ce4b6f8 elementor-section-boxed elementor-section-height-default elementor-section-height-default\" data-id=\"ce4b6f8\" data-element_type=\"section\" data-e-type=\"section\">\n\t\t\t\t\t\t<div class=\"elementor-container elementor-column-gap-default\">\n\t\t\t\t\t<div class=\"elementor-column elementor-col-100 elementor-top-column elementor-element elementor-element-cd71e33\" data-id=\"cd71e33\" data-element_type=\"column\" data-e-type=\"column\">\n\t\t\t<div class=\"elementor-widget-wrap elementor-element-populated\">\n\t\t\t\t\t\t<div class=\"elementor-element elementor-element-b9eddd3 elementor-widget elementor-widget-heading\" data-id=\"b9eddd3\" data-element_type=\"widget\" data-e-type=\"widget\" data-widget_type=\"heading.default\">\n\t\t\t\t\t<h1 class=\"elementor-heading-title elementor-size-default\"><p align=\"center\" style=\"text-align:center\"><span style=\"color: inherit;font-family: inherit;font-size: 2.5rem\"><b>Privacy Policy - IHU RespirERA Newsletter<\/b><\/span><span style=\"font-family: inherit;font-size: 2.5rem\"><\/span><\/p><\/h1>\t\t\t\t<\/div>\n\t\t\t\t\t<\/div>\n\t\t<\/div>\n\t\t\t\t\t<\/div>\n\t\t<\/section>\n\t\t\t\t<section class=\"elementor-section elementor-top-section elementor-element elementor-element-ab76d15 elementor-section-boxed elementor-section-height-default elementor-section-height-default\" data-id=\"ab76d15\" data-element_type=\"section\" data-e-type=\"section\">\n\t\t\t\t\t\t<div class=\"elementor-container elementor-column-gap-default\">\n\t\t\t\t\t<div class=\"elementor-column elementor-col-100 elementor-top-column elementor-element elementor-element-2beb608\" data-id=\"2beb608\" data-element_type=\"column\" data-e-type=\"column\">\n\t\t\t<div class=\"elementor-widget-wrap elementor-element-populated\">\n\t\t\t\t\t\t<div class=\"elementor-element elementor-element-23978a8 elementor-widget elementor-widget-text-editor\" data-id=\"23978a8\" data-element_type=\"widget\" data-e-type=\"widget\" data-widget_type=\"text-editor.default\">\n\t\t\t\t\t\t\t\t\t<p class=\"MsoNoSpacing\"><span style=\"font-size: 12.0pt;\"><i>Last updated: March 12, 2026<\/i><\/span><\/p>\t\t\t\t\t\t\t\t<\/div>\n\t\t\t\t\t<\/div>\n\t\t<\/div>\n\t\t\t\t\t<\/div>\n\t\t<\/section>\n\t\t\t\t<section class=\"elementor-section elementor-top-section elementor-element elementor-element-c160b12 elementor-section-boxed elementor-section-height-default elementor-section-height-default\" data-id=\"c160b12\" data-element_type=\"section\" data-e-type=\"section\">\n\t\t\t\t\t\t<div class=\"elementor-container elementor-column-gap-default\">\n\t\t\t\t\t<div class=\"elementor-column elementor-col-100 elementor-top-column elementor-element elementor-element-8c95534\" data-id=\"8c95534\" data-element_type=\"column\" data-e-type=\"column\">\n\t\t\t<div class=\"elementor-widget-wrap elementor-element-populated\">\n\t\t\t\t\t\t<div class=\"elementor-element elementor-element-2b9df28 elementor-widget elementor-widget-text-editor\" data-id=\"2b9df28\" data-element_type=\"widget\" data-e-type=\"widget\" data-widget_type=\"text-editor.default\">\n\t\t\t\t\t\t\t\t\t<p><span style=\"font-size: 12.0pt;\">IHU RespirERA is committed to protecting your personal data.<\/span><\/p>\n<ul>\n<li><span style=\"font-size: 12pt; text-indent: -18pt;\">your email address;<\/span><\/li>\n<li><span style=\"font-size: 12pt; text-indent: -18pt;\">the date of your subscription;<\/span><\/li>\n<li><span style=\"font-size: 12.0pt;\">information related to your subscription or unsubscription;<\/span><\/li>\n<li><span style=\"font-size: 12.0pt;\">statistical tracking data, such as email opens and link clicks.<\/span><\/li>\n<\/ul>\n<h2><span style=\"font-size: 12.0pt;\">&nbsp;<\/span><b><span style=\"color: inherit; font-family: inherit; font-size: 2rem; text-indent: -18pt;\">1.&nbsp;<\/span><span style=\"color: inherit; font-family: inherit; font-size: 2rem; text-indent: -18pt;\">Who is responsible for your data?<\/span><\/b><\/h2>\n<p><span style=\"font-size: 12pt;\">The data controller is:<\/span><\/p>\n<p><span style=\"font-size: 12pt;\">IHU RespirERA<\/span><\/p>\n<p><span style=\"font-size: 12.0pt;\">27 Rue du Professeur Delvalle<\/span><\/p>\n<p><span style=\"font-size: 12.0pt;\">06000 Nice<\/span><\/p>\n<p><span style=\"font-size: 12.0pt;\">E-mail&nbsp;: <a href=\"mailto:contact@ihu-respirera.fr\">contact@ihu-respirera.fr<\/a><\/span><\/p>\n<p><span style=\"font-size: 12pt;\">If you have any questions regarding your personal data or wish to exercise your rights, you can contact us at: <\/span><a style=\"font-size: 12pt; background-color: #ffffff;\" href=\"mailto:contact@ihu-respirera.fr\">contact@ihu-respirera.fr<\/a><\/p>\n<p><span style=\"font-size: 12.0pt;\">&nbsp;<\/span><\/p>\n<h2 style=\"margin-left: 18.0pt; text-indent: -18.0pt; mso-list: l5 level1 lfo6;\"><!-- [if !supportLists]--><b>2. What data is collected?<\/b><\/h2>\n<p><span style=\"font-size: 12.0pt;\">When you subscribe to our newsletter, we only collect the data necessary for its delivery and monitoring, namely:<\/span><\/p>\n<ul>\n<li><span style=\"font-size: 12pt; text-indent: -18pt;\">your email address;<\/span><\/li>\n<li><span style=\"font-size: 12.0pt;\">the date of your subscription;<\/span><\/li>\n<li><span style=\"font-size: 12.0pt;\">information related to your subscription or unsubscription;<\/span><\/li>\n<li><span style=\"font-size: 12pt; text-indent: -18pt;\">statistical tracking data, such as email opens and link clicks.<\/span><\/li>\n<\/ul>\n<h2 style=\"margin-left: 18.0pt; text-indent: -18.0pt; mso-list: l5 level1 lfo6;\"><!-- [if !supportLists]--><b>3. Why do we use your data?<\/b><\/h2>\n<ul>\n<li><span style=\"font-size: 12.0pt;\">Your data is used to:<\/span><\/li>\n<li><span style=\"font-size: 12pt; text-indent: -18pt;\">send you the IHU RespirERA newsletter;<\/span><\/li>\n<li><span style=\"font-size: 12.0pt;\">inform you about the institute\u2019s news, projects, events, publications, and activities;<\/span><\/li>\n<li><span style=\"font-size: 12.0pt;\">manage your subscription and unsubscription;<\/span><\/li>\n<li><span style=\"font-size: 12.0pt;\">improve the newsletter content through usage statistics.<\/span><\/li>\n<\/ul>\n<p><span style=\"font-size: 12.0pt;\">&nbsp;<\/span><\/p>\n<h2 style=\"margin-left: 18.0pt; text-indent: -18.0pt; mso-list: l5 level1 lfo6;\"><!-- [if !supportLists]--><b>4. On what legal basis do we use your data?<\/b><\/h2>\n<p><span style=\"font-size: 12.0pt;\">The sending of the newsletter is based on your consent.<\/span><\/p>\n<p><span style=\"font-size: 12.0pt;\">By subscribing, you agree to receive communications from IHU RespirERA by email. You may withdraw your consent at any time by clicking the unsubscribe link included in each newsletter.<\/span><\/p>\n<p><span style=\"font-size: 12.0pt;\">&nbsp;<\/span><\/p>\n<h2 style=\"margin-left: 18.0pt; text-indent: -18.0pt; mso-list: l5 level1 lfo6;\"><!-- [if !supportLists]--><b>5. Who has access to your data?<\/b><\/h2>\n<p><span style=\"font-size: 12.0pt;\">Your data is accessible only to:<\/span><\/p>\n<ul>\n<li><span style=\"font-size: 12.0pt;\">authorized staff within IHU RespirERA;<\/span><\/li>\n<li><span style=\"font-size: 12.0pt;\">our newsletter service provider, Mailjet, which processes this data on our behalf.<\/span><\/li>\n<li><span style=\"font-size: 12.0pt;\">Your data is neither sold nor shared with third parties for commercial purposes.<\/span><\/li>\n<\/ul>\n<p><span style=\"font-size: 12.0pt;\">&nbsp;<\/span><\/p>\n<h2 style=\"margin-left: 18.0pt; text-indent: -18.0pt; mso-list: l5 level1 lfo6;\"><!-- [if !supportLists]--><b>6. Are your data transferred outside the European Union?<\/b><\/h2>\n<p><span style=\"font-size: 12.0pt;\">No.<\/span><\/p>\n<p><span style=\"font-size: 12.0pt;\">As part of the management of this newsletter, your data are not transferred outside the European Union, subject to the technical configuration of the tools used.<\/span><\/p>\n<p><span style=\"font-size: 12.0pt;\">&nbsp;<\/span><\/p>\n<h2 style=\"margin-left: 18.0pt; text-indent: -18.0pt; mso-list: l5 level1 lfo6;\"><!-- [if !supportLists]--><b>7. How long are your data retained?<\/b><\/h2>\n<p><span style=\"font-size: 12.0pt;\">Your email address is retained for as long as you remain subscribed to the newsletter.<\/span><\/p>\n<p><span style=\"font-size: 12.0pt;\">If you unsubscribe, your email address may be retained for up to 3 years in a suppression list, solely to ensure that you no longer receive our communications.<\/span><\/p>\n<p><span style=\"font-size: 12.0pt;\">Statistical data related to email opens and clicks may be retained for a limited period (12 months) in order to monitor newsletter performance and improve its content.<\/span><\/p>\n<p><\/p>\n<h2 style=\"margin-left: 18.0pt; text-indent: -18.0pt; mso-list: l5 level1 lfo6;\"><!-- [if !supportLists]--><b>8. What are your rights?<\/b><\/h2>\n<p><span style=\"font-size: 12.0pt;\">In accordance with applicable regulations, you have the following rights:<\/span><\/p>\n<ul>\n<li><span style=\"font-size: 12.0pt;\">right of access to your data;<\/span><\/li>\n<li><span style=\"font-size: 12pt; text-indent: -18pt;\">right to rectification;<\/span><\/li>\n<li><span style=\"font-size: 12.0pt;\">right to erasure;<\/span><\/li>\n<li><span style=\"font-size: 12.0pt;\">right to restriction of processing;<\/span><\/li>\n<li><span style=\"font-size: 12.0pt;\">right to object;<\/span><\/li>\n<li><span style=\"font-size: 12.0pt;\">right to withdraw your consent at any time.<\/span><\/li>\n<\/ul>\n<p><span style=\"font-size: 12.0pt;\">&nbsp;<\/span><\/p>\n<p><span style=\"font-size: 12pt;\">To exercise your rights, you can contact us at: <\/span><a style=\"font-size: 12pt; background-color: #ffffff;\" href=\"mailto:contact@ihu-respirera.fr\">contact@ihu-respirera.fr<\/a><\/p>\n<p><span style=\"font-size: 12.0pt;\">You can also unsubscribe at any time using the link provided in each newsletter.<\/span><\/p>\n<p><span style=\"font-size: 12.0pt;\">If, after contacting us, you believe that your rights are not being respected, you may lodge a complaint with the CNIL.<\/span><\/p>\n<p><span style=\"font-size: 12.0pt;\">&nbsp;<\/span><\/p>\n<h2 style=\"margin-left: 18.0pt; text-indent: -18.0pt; mso-list: l5 level1 lfo6;\"><!-- [if !supportLists]--><b>9. Data security<\/b><\/h2>\n<p><span style=\"font-size: 12.0pt;\">IHU RespirERA implements appropriate measures to protect your personal data against unauthorized access, loss, disclosure, or alteration.<\/span><\/p>\n<p><span style=\"font-size: 12.0pt;\">&nbsp;<\/span><\/p>\n<h2 style=\"margin-left: 18.0pt; text-indent: -18.0pt; mso-list: l5 level1 lfo6;\"><!-- [if !supportLists]--><strong>10. Updates to this policy<\/strong><\/h2>\n<p><span style=\"font-size: 12.0pt;\">This privacy policy may be updated at any time to reflect regulatory, legal, or technical developments.<\/span><\/p>\n<p><span style=\"font-size: 12.0pt;\">We encourage you to review it regularly.<\/span><\/p>\t\t\t\t\t\t\t\t<\/div>\n\t\t\t\t\t<\/div>\n\t\t<\/div>\n\t\t\t\t\t<\/div>\n\t\t<\/section>\n\t\t\t\t<\/div>","protected":false},"excerpt":{"rendered":"<p>Politique de confidentialit\u00e9 &#8211; Newsletter de l&rsquo;IHU RespirERA Derni\u00e8re mise \u00e0 jour : 12 mars 2026 L\u2019IHU RespirERA veille \u00e0 prot\u00e9ger vos donn\u00e9es personnelles. votre adresse e-mail ; la date de votre inscription ; les informations li\u00e9es \u00e0 votre abonnement ou \u00e0 votre d\u00e9sinscription ; des donn\u00e9es statistiques de suivi, comme l\u2019ouverture des e-mails et [&hellip;]<\/p>","protected":false},"author":9,"featured_media":0,"parent":0,"menu_order":0,"comment_status":"closed","ping_status":"closed","template":"","meta":{"footnotes":""},"folder":[],"class_list":["post-6398","page","type-page","status-publish","hentry"],"_links":{"self":[{"href":"https:\/\/ihu-respirera.fr\/en\/wp-json\/wp\/v2\/pages\/6398","targetHints":{"allow":["GET"]}}],"collection":[{"href":"https:\/\/ihu-respirera.fr\/en\/wp-json\/wp\/v2\/pages"}],"about":[{"href":"https:\/\/ihu-respirera.fr\/en\/wp-json\/wp\/v2\/types\/page"}],"author":[{"embeddable":true,"href":"https:\/\/ihu-respirera.fr\/en\/wp-json\/wp\/v2\/users\/9"}],"replies":[{"embeddable":true,"href":"https:\/\/ihu-respirera.fr\/en\/wp-json\/wp\/v2\/comments?post=6398"}],"version-history":[{"count":0,"href":"https:\/\/ihu-respirera.fr\/en\/wp-json\/wp\/v2\/pages\/6398\/revisions"}],"wp:attachment":[{"href":"https:\/\/ihu-respirera.fr\/en\/wp-json\/wp\/v2\/media?parent=6398"}],"wp:term":[{"taxonomy":"folder","embeddable":true,"href":"https:\/\/ihu-respirera.fr\/en\/wp-json\/wp\/v2\/folder?post=6398"}],"curies":[{"name":"wp","href":"https:\/\/api.w.org\/{rel}","templated":true}]}}