{"id":5915,"date":"2025-12-18T16:17:20","date_gmt":"2025-12-18T15:17:20","guid":{"rendered":"https:\/\/ihu-respirera.fr\/?page_id=5915"},"modified":"2025-12-19T12:43:36","modified_gmt":"2025-12-19T11:43:36","slug":"ai-in-the-next-world-of-thoracic-pathology","status":"publish","type":"page","link":"https:\/\/ihu-respirera.fr\/fr\/ai-in-the-next-world-of-thoracic-pathology\/","title":{"rendered":"AI in the Next World of Thoracic Pathology"},"content":{"rendered":"\t\t<div data-elementor-type=\"wp-page\" data-elementor-id=\"5915\" class=\"elementor elementor-5915\" data-elementor-post-type=\"page\">\n\t\t\t\t\t\t<section class=\"elementor-section elementor-top-section elementor-element elementor-element-24d3922 elementor-section-boxed elementor-section-height-default elementor-section-height-default\" data-id=\"24d3922\" data-element_type=\"section\" data-e-type=\"section\">\n\t\t\t\t\t\t<div class=\"elementor-container elementor-column-gap-default\">\n\t\t\t\t\t<div class=\"elementor-column elementor-col-100 elementor-top-column elementor-element elementor-element-e55b8d7\" data-id=\"e55b8d7\" data-element_type=\"column\" data-e-type=\"column\">\n\t\t\t<div class=\"elementor-widget-wrap elementor-element-populated\">\n\t\t\t\t\t\t<div class=\"elementor-element elementor-element-7834139 elementor-widget elementor-widget-image\" data-id=\"7834139\" data-element_type=\"widget\" data-e-type=\"widget\" data-widget_type=\"image.default\">\n\t\t\t\t\t\t\t\t\t\t\t\t\t\t\t<img fetchpriority=\"high\" decoding=\"async\" width=\"2000\" height=\"1414\" src=\"https:\/\/ihu-respirera.fr\/wp-content\/uploads\/2025\/12\/Presentation_IA-dans-le-nouveau-monde-de-la-Pathologie-Thoracique.png\" class=\"attachment-full size-full wp-image-5967\" alt=\"\" srcset=\"https:\/\/ihu-respirera.fr\/wp-content\/uploads\/2025\/12\/Presentation_IA-dans-le-nouveau-monde-de-la-Pathologie-Thoracique.png 2000w, https:\/\/ihu-respirera.fr\/wp-content\/uploads\/2025\/12\/Presentation_IA-dans-le-nouveau-monde-de-la-Pathologie-Thoracique-600x424.png 600w, https:\/\/ihu-respirera.fr\/wp-content\/uploads\/2025\/12\/Presentation_IA-dans-le-nouveau-monde-de-la-Pathologie-Thoracique-509x360.png 509w, https:\/\/ihu-respirera.fr\/wp-content\/uploads\/2025\/12\/Presentation_IA-dans-le-nouveau-monde-de-la-Pathologie-Thoracique-1358x960.png 1358w, https:\/\/ihu-respirera.fr\/wp-content\/uploads\/2025\/12\/Presentation_IA-dans-le-nouveau-monde-de-la-Pathologie-Thoracique-768x543.png 768w, https:\/\/ihu-respirera.fr\/wp-content\/uploads\/2025\/12\/Presentation_IA-dans-le-nouveau-monde-de-la-Pathologie-Thoracique-1536x1086.png 1536w, https:\/\/ihu-respirera.fr\/wp-content\/uploads\/2025\/12\/Presentation_IA-dans-le-nouveau-monde-de-la-Pathologie-Thoracique-18x12.png 18w\" sizes=\"(max-width: 2000px) 100vw, 2000px\" \/>\t\t\t\t\t\t\t\t\t\t\t\t\t\t\t<\/div>\n\t\t\t\t\t<\/div>\n\t\t<\/div>\n\t\t\t\t\t<\/div>\n\t\t<\/section>\n\t\t\t\t<section class=\"elementor-section elementor-top-section elementor-element elementor-element-cc5c48f elementor-section-boxed elementor-section-height-default elementor-section-height-default\" data-id=\"cc5c48f\" data-element_type=\"section\" data-e-type=\"section\">\n\t\t\t\t\t\t<div class=\"elementor-container elementor-column-gap-default\">\n\t\t\t\t\t<div class=\"elementor-column elementor-col-100 elementor-top-column elementor-element elementor-element-d81f134\" data-id=\"d81f134\" data-element_type=\"column\" data-e-type=\"column\">\n\t\t\t<div class=\"elementor-widget-wrap elementor-element-populated\">\n\t\t\t\t\t\t<div class=\"elementor-element elementor-element-649d844 elementor-widget elementor-widget-text-editor\" data-id=\"649d844\" data-element_type=\"widget\" data-e-type=\"widget\" data-widget_type=\"text-editor.default\">\n\t\t\t\t\t\t\t\t\t<h1 style=\"color: #7ca3b1;\"><strong>AI in the Next World of Thoracic Pathology<\/strong><\/h1><p>Organis\u00e9 par l\u2019IHU RespirERA, ce congr\u00e8s international d\u2019excellence met \u00e0 l\u2019honneur la rencontre entre l\u2019Intelligence Artificielle et la pathologie thoracique. Accueilli \u00e0 Nice, cet \u00e9v\u00e9nement exclusif r\u00e9unit des experts de renomm\u00e9e mondiale pour explorer la mani\u00e8re dont l\u2019IA transforme l\u2019analyse tissulaire, les parcours diagnostiques et l\u2019interpr\u00e9tation des biomarqueurs.<\/p><p>\u00a0<\/p><h3 style=\"color: #7ca3b1;\"><b>Une ambition scientifique forte<\/b><\/h3><p>De la recherche fondamentale aux applications cliniques concr\u00e8tes, le programme couvre l\u2019ensemble des avanc\u00e9es du domaine :<\/p><ul><li>Analyse d\u2019images en coupes compl\u00e8tes (whole-slide) et classification automatis\u00e9e des l\u00e9sions<\/li><li>Pr\u00e9diction des r\u00e9ponses th\u00e9rapeutiques<\/li><li>Outils d\u2019aide \u00e0 la d\u00e9cision pour les maladies pulmonaires et m\u00e9diastinales<\/li><\/ul><p>\u00a0<\/p><h3 style=\"color: #7ca3b1;\"><b>Une expertise internationale<\/b><\/h3><p>Des sp\u00e9cialistes issus d\u2019institutions reconnues partageront leur vision du futur du diagnostic :<\/p><ul><li><b>Pour l\u2019IHU RespirERA :<\/b> Nicholas Ayache, Herv\u00e9 Delingette, Marius Ili\u00e9, Guyl\u00e8ne Rignol, Fran\u00e7ois Ghiringhelli et le Pr Paul Hofman<\/li><li><b>Intervenants internationaux :<\/b> John Le Quesne, Jan H. von der Th\u00fcsen, Albrecht Stenzinger, Philippe Joubert, Fernando Lopez-Rios, Denis Horgan, Danni Jonigk, Mihaela Aldea et Umberto Malapelle<\/li><\/ul><p>\u00a0<\/p><p><b>Rejoignez-nous pour encourager le partage de connaissances et accompagner l\u2019int\u00e9gration de l\u2019IA dans le parcours de soin des patients.<\/b><\/p>\t\t\t\t\t\t\t\t<\/div>\n\t\t\t\t\t<\/div>\n\t\t<\/div>\n\t\t\t\t\t<\/div>\n\t\t<\/section>\n\t\t\t\t<section class=\"elementor-section elementor-top-section elementor-element elementor-element-c9dcfa9 elementor-section-boxed elementor-section-height-default elementor-section-height-default\" data-id=\"c9dcfa9\" data-element_type=\"section\" data-e-type=\"section\">\n\t\t\t\t\t\t<div class=\"elementor-container elementor-column-gap-default\">\n\t\t\t\t\t<div class=\"elementor-column elementor-col-100 elementor-top-column elementor-element elementor-element-8154bdb\" data-id=\"8154bdb\" data-element_type=\"column\" data-e-type=\"column\">\n\t\t\t<div class=\"elementor-widget-wrap elementor-element-populated\">\n\t\t\t\t\t\t<div class=\"elementor-element elementor-element-33548f1 elementor-widget elementor-widget-spacer\" data-id=\"33548f1\" data-element_type=\"widget\" data-e-type=\"widget\" data-widget_type=\"spacer.default\">\n\t\t\t\t\t\t\t<div class=\"elementor-spacer\">\n\t\t\t<div class=\"elementor-spacer-inner\"><\/div>\n\t\t<\/div>\n\t\t\t\t\t\t<\/div>\n\t\t\t\t\t<\/div>\n\t\t<\/div>\n\t\t\t\t\t<\/div>\n\t\t<\/section>\n\t\t\t\t<section class=\"elementor-section elementor-top-section elementor-element elementor-element-af3c7ac elementor-section-boxed elementor-section-height-default elementor-section-height-default\" data-id=\"af3c7ac\" data-element_type=\"section\" data-e-type=\"section\">\n\t\t\t\t\t\t<div class=\"elementor-container elementor-column-gap-default\">\n\t\t\t\t\t<div class=\"elementor-column elementor-col-100 elementor-top-column elementor-element elementor-element-dec274c\" data-id=\"dec274c\" data-element_type=\"column\" data-e-type=\"column\">\n\t\t\t<div class=\"elementor-widget-wrap elementor-element-populated\">\n\t\t\t\t\t\t<div class=\"elementor-element elementor-element-07dd0a8 elementor-widget elementor-widget-text-editor\" data-id=\"07dd0a8\" data-element_type=\"widget\" data-e-type=\"widget\" data-widget_type=\"text-editor.default\">\n\t\t\t\t\t\t\t\t\t&nbsp;\n<h3 style=\"color: #7ca3b1;\"><strong>R\u00e9servez vos billets !<\/strong><\/h2>\t\t\t\t\t\t\t\t<\/div>\n\t\t\t\t\t<\/div>\n\t\t<\/div>\n\t\t\t\t\t<\/div>\n\t\t<\/section>\n\t\t\t\t<section class=\"elementor-section elementor-top-section elementor-element elementor-element-c5ca400 elementor-section-boxed elementor-section-height-default elementor-section-height-default\" data-id=\"c5ca400\" data-element_type=\"section\" data-e-type=\"section\">\n\t\t\t\t\t\t<div class=\"elementor-container elementor-column-gap-default\">\n\t\t\t\t\t<div class=\"elementor-column elementor-col-100 elementor-top-column elementor-element elementor-element-166fd97\" data-id=\"166fd97\" data-element_type=\"column\" data-e-type=\"column\">\n\t\t\t<div class=\"elementor-widget-wrap elementor-element-populated\">\n\t\t\t\t\t\t<div class=\"elementor-element elementor-element-5e93591 elementor-widget__width-initial elementor-widget elementor-widget-html\" data-id=\"5e93591\" data-element_type=\"widget\" data-e-type=\"widget\" data-widget_type=\"html.default\">\n\t\t\t\t\t<a title=\"Logiciel billetterie en ligne\" href=\"https:\/\/widget.weezevent.com\/ticket\/E1461521\/?code=62236&amp;locale=fr-FR&amp;width_auto=1&amp;color_primary=7ca3b1\" class=\"weezevent-widget-integration\" data-src=\"https:\/\/widget.weezevent.com\/ticket\/E1461521\/?code=62236&amp;locale=fr-FR&amp;width_auto=1&amp;color_primary=7ca3b1\" data-id=\"1461521\" data-resize=\"1\" data-width_auto=\"1\" data-noscroll=\"0\" data-use-container=\"yes\" data-type=\"neo\" target=\"_blank\" rel=\"noopener\">Billetterie Weezevent<\/a>\n<script type=\"text\/javascript\" src=\"https:\/\/widget.weezevent.com\/weez.js\"><\/script>\t\t\t\t<\/div>\n\t\t\t\t\t<\/div>\n\t\t<\/div>\n\t\t\t\t\t<\/div>\n\t\t<\/section>\n\t\t\t\t<section class=\"elementor-section elementor-top-section elementor-element elementor-element-df3fdef elementor-section-full_width elementor-section-height-default elementor-section-height-default\" data-id=\"df3fdef\" data-element_type=\"section\" data-e-type=\"section\">\n\t\t\t\t\t\t<div class=\"elementor-container elementor-column-gap-default\">\n\t\t\t\t\t<div class=\"elementor-column elementor-col-100 elementor-top-column elementor-element elementor-element-6bd3a73\" data-id=\"6bd3a73\" data-element_type=\"column\" data-e-type=\"column\">\n\t\t\t<div class=\"elementor-widget-wrap elementor-element-populated\">\n\t\t\t\t\t\t<div class=\"elementor-element elementor-element-4db1da7 elementor-widget elementor-widget-text-editor\" data-id=\"4db1da7\" data-element_type=\"widget\" data-e-type=\"widget\" data-widget_type=\"text-editor.default\">\n\t\t\t\t\t\t\t\t\t<div class=\"calendar-widget-respirera\" style=\"font-family: 'Helvetica Neue', Arial, sans-serif; border: 2px solid #7CA3B1; padding: 25px; border-radius: 12px; background-color: #fcfcfc; max-width: 600px; margin: 0 auto; color: black;\">\n    \n    <h2 id=\"eventTitle\" style=\"color: #7CA3B1; margin-top: 0; font-size: 1.4em; font-weight: bold;\">Ajoutez l&rsquo;\u00e9v\u00e9nement \u00e0 votre agenda !<\/h2>\n    \n    <p id=\"eventLoc\" style=\"color: black; font-style: italic; font-size: 0.9em; margin-bottom: 20px;\">H\u00f4tel Le Saint-Paul &#8211; Salon Br\u00e9a, Nice, France<\/p>\n\n    <div style=\"margin-bottom: 25px; padding: 15px; background: white; border-radius: 8px; box-shadow: 0 2px 4px rgba(0,0,0,0.05);\">\n        <p id=\"day1Label\" style=\"margin: 0 0 10px 0; font-weight: bold; color: black;\">Mardi 6 Octobre 2026 | 08h00 &#8211; 16h00<\/p>\n        <a id=\"gCal1\" href=\"#\" target=\"_blank\" style=\"display: inline-block; padding: 10px 18px; background-color: #7CA3B1; color: white; text-decoration: none; border-radius: 6px; font-weight: 500;\">+ Google Calendar<\/a>\n        <a id=\"oCal1\" href=\"#\" target=\"_blank\" style=\"display: inline-block; padding: 9px 17px; border: 1px solid #7CA3B1; color: #7CA3B1; text-decoration: none; border-radius: 6px; margin-left: 10px;\">+ Outlook<\/a>\n    <\/div>\n\n    <div style=\"margin-bottom: 25px; padding: 15px; background: white; border-radius: 8px; box-shadow: 0 2px 4px rgba(0,0,0,0.05);\">\n        <p id=\"day2Label\" style=\"margin: 0 0 10px 0; font-weight: bold; color: black;\">Mercredi 7 Octobre 2026 | 09h00 &#8211; 12h45<\/p>\n        <a id=\"gCal2\" href=\"#\" target=\"_blank\" style=\"display: inline-block; padding: 10px 18px; background-color: #7CA3B1; color: white; text-decoration: none; border-radius: 6px; font-weight: 500;\">+ Google Calendar<\/a>\n        <a id=\"oCal2\" href=\"#\" target=\"_blank\" style=\"display: inline-block; padding: 9px 17px; border: 1px solid #7CA3B1; color: #7CA3B1; text-decoration: none; border-radius: 6px; margin-left: 10px;\">+ Outlook<\/a>\n    <\/div>\n\n    <div style=\"text-align: center; margin-top: 20px; padding-top: 15px; border-top: 1px solid #eee;\">\n        <div style=\"position: relative; display: inline-block; min-width: 125px;\">\n            <span style=\"position: absolute; left: 8px; top: 50%; transform: translateY(-50%); pointer-events: none; line-height: 0;\">\n                <svg width=\"14\" height=\"14\" viewBox=\"0 0 24 24\" fill=\"none\" stroke=\"black\" stroke-width=\"2\" stroke-linecap=\"round\" stroke-linejoin=\"round\"><circle cx=\"12\" cy=\"12\" r=\"10\"><\/circle><line x1=\"2\" y1=\"12\" x2=\"22\" y2=\"12\"><\/line><path d=\"M12 2a15.3 15.3 0 0 1 4 10 15.3 15.3 0 0 1-4 10 15.3 15.3 0 0 1-4-10 15.3 15.3 0 0 1 4-10z\"><\/path><\/svg>\n            <\/span>\n            <select id=\"langSelect\" onchange=\"translateWidget()\" style=\"width: 100%; padding: 6px 22px 6px 28px; border: 1px solid black; border-radius: 6px; color: black; background: white; cursor: pointer; font-family: inherit; font-size: 0.85em; appearance: none; -webkit-appearance: none; font-weight: 500;\">\n                <option value=\"fr\">Fran\u00e7ais<\/option>\n                <option value=\"en\">English<\/option>\n            <\/select>\n            <span style=\"position: absolute; right: 8px; top: 50%; transform: translateY(-50%); pointer-events: none; border-left: 4px solid transparent; border-right: 4px solid transparent; border-top: 5px solid black;\"><\/span>\n        <\/div>\n    <\/div>\n<\/div>\n\n<script>\nfunction translateWidget() {\n    const lang = document.getElementById('langSelect').value;\n    const isEn = lang === 'en';\n\n    const descFR = \"AI in the Next World of Thoracic Pathology\\nOrganis\u00e9 par l\u2019IHU RespirERA...\"; \/\/ Texte complet tronqu\u00e9 ici pour la clart\u00e9 mais gardez votre version compl\u00e8te\n    const descEN = \"AI in the Next World of Thoracic Pathology\\nOrganized by IHU RespirERA...\"; \n\n    const translations = {\n        title: isEn ? \"Add the event to your calendar!\" : \"Ajoutez l'\u00e9v\u00e9nement \u00e0 votre agenda !\",\n        loc: isEn ? \"Hotel Le Saint-Paul - Brea Room, Nice, France\" : \"H\u00f4tel Le Saint-Paul - Salon Br\u00e9a, Nice, France\",\n        d1: isEn ? \"Tuesday, October 6, 2026 | 08:00 AM - 04:00 PM\" : \"Mardi 6 Octobre 2026 | 08h00 - 16h00\",\n        d2: isEn ? \"Wednesday, October 7, 2026 | 09:00 AM - 12:45 PM\" : \"Mercredi 7 Octobre 2026 | 09h00 - 12h45\",\n        activeDesc: isEn ? descEN : descFR\n    };\n\n    document.getElementById('eventTitle').innerText = translations.title;\n    document.getElementById('eventLoc').innerText = translations.loc;\n    document.getElementById('day1Label').innerText = translations.d1;\n    document.getElementById('day2Label').innerText = translations.d2;\n\n    const desc = encodeURIComponent(translations.activeDesc);\n    const loc = encodeURIComponent(translations.loc);\n    const eventName = encodeURIComponent(\"AI in the Next World of Thoracic Pathology\");\n    const baseG = \"https:\/\/www.google.com\/calendar\/render?action=TEMPLATE&text=\";\n    const baseO = \"https:\/\/outlook.office.com\/calendar\/0\/deeplink\/compose?path=\/calendar\/action\/compose&rru=addevent&subject=\";\n\n    document.getElementById('gCal1').href = `${baseG}${eventName}+-+Day+1&dates=20261006T080000\/20261006T160000&details=${desc}&location=${loc}`;\n    document.getElementById('oCal1').href = `${baseO}${eventName}+-+Day+1&startdt=2026-10-06T08:00:00&enddt=2026-10-06T16:00:00&body=${desc}&location=${loc}`;\n    document.getElementById('gCal2').href = `${baseG}${eventName}+-+Day+2&dates=20261007T090000\/20261007T124500&details=${desc}&location=${loc}`;\n    document.getElementById('oCal2').href = `${baseO}${eventName}+-+Day+2&startdt=2026-10-07T09:00:00&enddt=2026-10-07T12:45:00&body=${desc}&location=${loc}`;\n}\ntranslateWidget();\n<\/script>\t\t\t\t\t\t\t\t<\/div>\n\t\t\t\t\t<\/div>\n\t\t<\/div>\n\t\t\t\t\t<\/div>\n\t\t<\/section>\n\t\t\t\t<section class=\"elementor-section elementor-top-section elementor-element elementor-element-ea48e95 elementor-section-full_width elementor-section-height-default elementor-section-height-default\" data-id=\"ea48e95\" data-element_type=\"section\" data-e-type=\"section\">\n\t\t\t\t\t\t<div class=\"elementor-container elementor-column-gap-default\">\n\t\t\t\t\t<div class=\"elementor-column elementor-col-100 elementor-top-column elementor-element elementor-element-8abb327\" data-id=\"8abb327\" data-element_type=\"column\" data-e-type=\"column\">\n\t\t\t<div class=\"elementor-widget-wrap elementor-element-populated\">\n\t\t\t\t\t\t<div class=\"elementor-element elementor-element-2555d7e elementor-widget__width-initial elementor-widget elementor-widget-html\" data-id=\"2555d7e\" data-element_type=\"widget\" data-e-type=\"widget\" data-widget_type=\"html.default\">\n\t\t\t\t\t<iframe src=\"https:\/\/www.google.com\/maps\/embed?pb=!1m18!1m12!1m3!1d1984.0755249916056!2d7.291362726316069!3d43.69183359323543!2m3!1f0!2f0!3f0!3m2!1i1024!2i768!4f13.1!3m3!1m2!1s0x12cddae9fbfe2c99%3A0xc9bc2b02e28b94d9!2s29%20Bd%20Franck%20Pilatte%2C%2006300%20Nice!5e1!3m2!1sfr!2sfr!4v1766066709666!5m2!1sfr!2sfr\" width=\"600\" height=\"450\" style=\"border:0;\" allowfullscreen=\"\" loading=\"lazy\" referrerpolicy=\"no-referrer-when-downgrade\"><\/iframe>\t\t\t\t<\/div>\n\t\t\t\t\t<\/div>\n\t\t<\/div>\n\t\t\t\t\t<\/div>\n\t\t<\/section>\n\t\t\t\t<\/div>\n\t\t","protected":false},"excerpt":{"rendered":"<p>Organis\u00e9 par l\u2019IHU RespirERA, ce congr\u00e8s international d\u2019excellence met \u00e0 l\u2019honneur la rencontre entre l\u2019Intelligence Artificielle et la pathologie thoracique. Accueilli \u00e0 Nice, cet \u00e9v\u00e9nement exclusif r\u00e9unit des experts de renomm\u00e9e mondiale pour explorer la mani\u00e8re dont l\u2019IA transforme l\u2019analyse tissulaire, les parcours diagnostiques et l\u2019interpr\u00e9tation des biomarqueurs.<\/p>\n","protected":false},"author":14,"featured_media":0,"parent":0,"menu_order":0,"comment_status":"closed","ping_status":"closed","template":"","meta":{"footnotes":""},"folder":[],"class_list":["post-5915","page","type-page","status-publish","hentry"],"_links":{"self":[{"href":"https:\/\/ihu-respirera.fr\/fr\/wp-json\/wp\/v2\/pages\/5915","targetHints":{"allow":["GET"]}}],"collection":[{"href":"https:\/\/ihu-respirera.fr\/fr\/wp-json\/wp\/v2\/pages"}],"about":[{"href":"https:\/\/ihu-respirera.fr\/fr\/wp-json\/wp\/v2\/types\/page"}],"author":[{"embeddable":true,"href":"https:\/\/ihu-respirera.fr\/fr\/wp-json\/wp\/v2\/users\/14"}],"replies":[{"embeddable":true,"href":"https:\/\/ihu-respirera.fr\/fr\/wp-json\/wp\/v2\/comments?post=5915"}],"version-history":[{"count":0,"href":"https:\/\/ihu-respirera.fr\/fr\/wp-json\/wp\/v2\/pages\/5915\/revisions"}],"wp:attachment":[{"href":"https:\/\/ihu-respirera.fr\/fr\/wp-json\/wp\/v2\/media?parent=5915"}],"wp:term":[{"taxonomy":"folder","embeddable":true,"href":"https:\/\/ihu-respirera.fr\/fr\/wp-json\/wp\/v2\/folder?post=5915"}],"curies":[{"name":"wp","href":"https:\/\/api.w.org\/{rel}","templated":true}]}}