{"id":6398,"date":"2026-03-24T16:35:53","date_gmt":"2026-03-24T15:35:53","guid":{"rendered":"https:\/\/ihu-respirera.fr\/?page_id=6398"},"modified":"2026-03-24T16:36:12","modified_gmt":"2026-03-24T15:36:12","slug":"politique-de-confidentialite-de-la-newsletter-de-lihu-respirera","status":"publish","type":"page","link":"https:\/\/ihu-respirera.fr\/fr\/politique-de-confidentialite-de-la-newsletter-de-lihu-respirera\/","title":{"rendered":"Politique de confidentialit\u00e9 de la newsletter de l&rsquo;IHU RespirERA"},"content":{"rendered":"\t\t<div data-elementor-type=\"wp-page\" data-elementor-id=\"6398\" class=\"elementor elementor-6398\" data-elementor-post-type=\"page\">\n\t\t\t\t\t\t<section class=\"elementor-section elementor-top-section elementor-element elementor-element-ce4b6f8 elementor-section-boxed elementor-section-height-default elementor-section-height-default\" data-id=\"ce4b6f8\" data-element_type=\"section\" data-e-type=\"section\">\n\t\t\t\t\t\t<div class=\"elementor-container elementor-column-gap-default\">\n\t\t\t\t\t<div class=\"elementor-column elementor-col-100 elementor-top-column elementor-element elementor-element-cd71e33\" data-id=\"cd71e33\" data-element_type=\"column\" data-e-type=\"column\">\n\t\t\t<div class=\"elementor-widget-wrap elementor-element-populated\">\n\t\t\t\t\t\t<div class=\"elementor-element elementor-element-b9eddd3 elementor-widget elementor-widget-heading\" data-id=\"b9eddd3\" data-element_type=\"widget\" data-e-type=\"widget\" data-widget_type=\"heading.default\">\n\t\t\t\t\t<h1 class=\"elementor-heading-title elementor-size-default\"><p align=\"center\" style=\"text-align:center\"><span style=\"color: inherit;font-family: inherit;font-size: 2.5rem\"><b>Politique de confidentialit\u00e9 - Newsletter de l'IHU RespirERA<\/b><\/span><span style=\"font-family: inherit;font-size: 2.5rem\"><\/span><\/p><\/h1>\t\t\t\t<\/div>\n\t\t\t\t\t<\/div>\n\t\t<\/div>\n\t\t\t\t\t<\/div>\n\t\t<\/section>\n\t\t\t\t<section class=\"elementor-section elementor-top-section elementor-element elementor-element-ab76d15 elementor-section-boxed elementor-section-height-default elementor-section-height-default\" data-id=\"ab76d15\" data-element_type=\"section\" data-e-type=\"section\">\n\t\t\t\t\t\t<div class=\"elementor-container elementor-column-gap-default\">\n\t\t\t\t\t<div class=\"elementor-column elementor-col-100 elementor-top-column elementor-element elementor-element-2beb608\" data-id=\"2beb608\" data-element_type=\"column\" data-e-type=\"column\">\n\t\t\t<div class=\"elementor-widget-wrap elementor-element-populated\">\n\t\t\t\t\t\t<div class=\"elementor-element elementor-element-23978a8 elementor-widget elementor-widget-text-editor\" data-id=\"23978a8\" data-element_type=\"widget\" data-e-type=\"widget\" data-widget_type=\"text-editor.default\">\n\t\t\t\t\t\t\t\t\t<p class=\"MsoNoSpacing\"><span style=\"font-size: 12.0pt;\"><i>Derni\u00e8re mise \u00e0 jour : 12 mars 2026<\/i><\/span><\/p>\t\t\t\t\t\t\t\t<\/div>\n\t\t\t\t\t<\/div>\n\t\t<\/div>\n\t\t\t\t\t<\/div>\n\t\t<\/section>\n\t\t\t\t<section class=\"elementor-section elementor-top-section elementor-element elementor-element-c160b12 elementor-section-boxed elementor-section-height-default elementor-section-height-default\" data-id=\"c160b12\" data-element_type=\"section\" data-e-type=\"section\">\n\t\t\t\t\t\t<div class=\"elementor-container elementor-column-gap-default\">\n\t\t\t\t\t<div class=\"elementor-column elementor-col-100 elementor-top-column elementor-element elementor-element-8c95534\" data-id=\"8c95534\" data-element_type=\"column\" data-e-type=\"column\">\n\t\t\t<div class=\"elementor-widget-wrap elementor-element-populated\">\n\t\t\t\t\t\t<div class=\"elementor-element elementor-element-2b9df28 elementor-widget elementor-widget-text-editor\" data-id=\"2b9df28\" data-element_type=\"widget\" data-e-type=\"widget\" data-widget_type=\"text-editor.default\">\n\t\t\t\t\t\t\t\t\t<p><span style=\"font-size: 12.0pt;\">L\u2019IHU RespirERA veille \u00e0 prot\u00e9ger vos donn\u00e9es personnelles.<\/span><\/p>\n<ul>\n<li><span style=\"font-size: 12pt; text-indent: -18pt;\">votre adresse e-mail ;<\/span><\/li>\n<li><span style=\"font-size: 12pt; text-indent: -18pt;\">la date de votre inscription ;<\/span><\/li>\n<li><span style=\"font-size: 12.0pt;\">les informations li\u00e9es \u00e0 votre abonnement ou \u00e0 votre d\u00e9sinscription ;<\/span><\/li>\n<li><span style=\"font-size: 12.0pt;\">des donn\u00e9es statistiques de suivi, comme l\u2019ouverture des e-mails et les clics sur les liens.<\/span><\/li>\n<\/ul>\n<h2><span style=\"font-size: 12.0pt;\">&nbsp;<\/span><b><span style=\"color: inherit; font-family: inherit; font-size: 2rem; text-indent: -18pt;\">1.&nbsp;<\/span><span style=\"color: inherit; font-family: inherit; font-size: 2rem; text-indent: -18pt;\">Qui est responsable de vos donn\u00e9es ?<\/span><\/b><\/h2>\n<p><span style=\"font-size: 12pt;\">Le responsable du traitement est :<\/span><\/p>\n<p><span style=\"font-size: 12pt;\">IHU RespirERA<\/span><\/p>\n<p><span style=\"font-size: 12.0pt;\">27 Rue du Professeur Delvalle<\/span><\/p>\n<p><span style=\"font-size: 12.0pt;\">06000 Nice<\/span><\/p>\n<p><span style=\"font-size: 12.0pt;\">E-mail&nbsp;: <a href=\"mailto:contact@ihu-respirera.fr\">contact@ihu-respirera.fr<\/a><\/span><\/p>\n<p><span style=\"font-size: 12pt;\">Pour toute question concernant vos donn\u00e9es personnelles ou l\u2019exercice de vos droits, vous pouvez nous \u00e9crire \u00e0 : <\/span><a style=\"font-size: 12pt; background-color: #ffffff;\" href=\"mailto:contact@ihu-respirera.fr\">contact@ihu-respirera.fr<\/a><\/p>\n<p><span style=\"font-size: 12.0pt;\">&nbsp;<\/span><\/p>\n<h2 style=\"margin-left: 18.0pt; text-indent: -18.0pt; mso-list: l5 level1 lfo6;\"><!-- [if !supportLists]--><b>2.&nbsp;Quelles donn\u00e9es sont collect\u00e9es ?<\/b><\/h2>\n<p><span style=\"font-size: 12.0pt;\">Lorsque vous vous abonnez \u00e0 notre newsletter, nous collectons uniquement les donn\u00e9es n\u00e9cessaires \u00e0 son envoi et \u00e0 son suivi, \u00e0 savoir :<\/span><\/p>\n<ul>\n<li><span style=\"font-size: 12pt; text-indent: -18pt;\">votre adresse e-mail ;<\/span><\/li>\n<li><span style=\"font-size: 12.0pt;\">la date de votre inscription ;<\/span><\/li>\n<li><span style=\"font-size: 12.0pt;\">les informations li\u00e9es \u00e0 votre abonnement ou \u00e0 votre d\u00e9sinscription ;<\/span><\/li>\n<li><span style=\"font-size: 12pt; text-indent: -18pt;\">des donn\u00e9es statistiques de suivi, comme l\u2019ouverture des e-mails et les clics sur les liens.<\/span><\/li>\n<\/ul>\n<h2 style=\"margin-left: 18.0pt; text-indent: -18.0pt; mso-list: l5 level1 lfo6;\"><!-- [if !supportLists]--><b>3. Pourquoi utilisons-nous vos donn\u00e9es ?<\/b><\/h2>\n<ul>\n<li><span style=\"font-size: 12.0pt;\">Vos donn\u00e9es sont utilis\u00e9es pour :<\/span><\/li>\n<li><span style=\"font-size: 12pt; text-indent: -18pt;\">vous envoyer la newsletter de l\u2019IHU RespirERA ;<\/span><\/li>\n<li><span style=\"font-size: 12.0pt;\">vous informer sur l\u2019actualit\u00e9 de l\u2019institut, ses projets, ses \u00e9v\u00e9nements, ses publications et ses actions ;<\/span><\/li>\n<li><span style=\"font-size: 12.0pt;\">g\u00e9rer votre abonnement et votre d\u00e9sinscription ;<\/span><\/li>\n<li><span style=\"font-size: 12.0pt;\">am\u00e9liorer le contenu de la newsletter gr\u00e2ce aux statistiques de consultation.<\/span><\/li>\n<\/ul>\n<p><span style=\"font-size: 12.0pt;\">&nbsp;<\/span><\/p>\n<h2 style=\"margin-left: 18.0pt; text-indent: -18.0pt; mso-list: l5 level1 lfo6;\"><!-- [if !supportLists]--><b>4. Sur quelle base utilisons-nous vos donn\u00e9es ?<\/b><\/h2>\n<p><span style=\"font-size: 12.0pt;\">L\u2019envoi de la newsletter repose sur votre consentement.<\/span><\/p>\n<p><span style=\"font-size: 12.0pt;\">En vous inscrivant, vous acceptez de recevoir les communications de l\u2019IHU RespirERA par e-mail. Vous pouvez retirer ce consentement \u00e0 tout moment en cliquant sur le lien de d\u00e9sinscription pr\u00e9sent dans chaque newsletter.<\/span><\/p>\n<p><span style=\"font-size: 12.0pt;\">&nbsp;<\/span><\/p>\n<h2 style=\"margin-left: 18.0pt; text-indent: -18.0pt; mso-list: l5 level1 lfo6;\"><!-- [if !supportLists]--><b>5. Qui a acc\u00e8s \u00e0 vos donn\u00e9es ?<\/b><\/h2>\n<p><span style=\"font-size: 12.0pt;\">Vos donn\u00e9es sont accessibles uniquement :<\/span><\/p>\n<ul>\n<li><span style=\"font-size: 12.0pt;\">aux personnes habilit\u00e9es au sein de l\u2019IHU RespirERA ;<\/span><\/li>\n<li><span style=\"font-size: 12.0pt;\">\u00e0 notre prestataire d\u2019envoi de newsletters, Mailjet, qui traite ces donn\u00e9es pour notre compte.<\/span><\/li>\n<li><span style=\"font-size: 12.0pt;\">Vos donn\u00e9es ne sont ni vendues, ni c\u00e9d\u00e9es \u00e0 des tiers \u00e0 des fins commerciales.<\/span><\/li>\n<\/ul>\n<p><span style=\"font-size: 12.0pt;\">&nbsp;<\/span><\/p>\n<h2 style=\"margin-left: 18.0pt; text-indent: -18.0pt; mso-list: l5 level1 lfo6;\"><!-- [if !supportLists]--><b>6. Vos donn\u00e9es sont-elles transf\u00e9r\u00e9es hors de l\u2019Union europ\u00e9enne ?<\/b><\/h2>\n<p><span style=\"font-size: 12.0pt;\">Non.<\/span><\/p>\n<p><span style=\"font-size: 12.0pt;\">Dans le cadre de la gestion de cette newsletter, vos donn\u00e9es ne font pas l\u2019objet d\u2019un transfert hors de l\u2019Union europ\u00e9enne, sous r\u00e9serve de la configuration technique des outils utilis\u00e9s.<\/span><\/p>\n<p><span style=\"font-size: 12.0pt;\">&nbsp;<\/span><\/p>\n<h2 style=\"margin-left: 18.0pt; text-indent: -18.0pt; mso-list: l5 level1 lfo6;\"><!-- [if !supportLists]--><b>7. Combien de temps vos donn\u00e9es sont-elles conserv\u00e9es ?<\/b><\/h2>\n<p><span style=\"font-size: 12.0pt;\">Votre adresse e-mail est conserv\u00e9e tant que vous restez abonn\u00e9(e) \u00e0 la newsletter.<\/span><\/p>\n<p><span style=\"font-size: 12.0pt;\">Si vous vous d\u00e9sinscrivez, votre adresse e-mail peut \u00eatre conserv\u00e9e pendant 3 ans dans une liste de suppression, uniquement pour garantir que vous ne receviez plus nos envois.<\/span><\/p>\n<p><span style=\"font-size: 12.0pt;\">Les donn\u00e9es statistiques li\u00e9es \u00e0 l\u2019ouverture et aux clics peuvent \u00eatre conserv\u00e9es pendant une dur\u00e9e limit\u00e9e (12 mois) afin de suivre la performance de la newsletter et d\u2019en am\u00e9liorer le contenu.<\/span><\/p>\n<p><\/p>\n<h2 style=\"margin-left: 18.0pt; text-indent: -18.0pt; mso-list: l5 level1 lfo6;\"><!-- [if !supportLists]--><b>8. Quels sont vos droits ?<\/b><\/h2>\n<p><span style=\"font-size: 12.0pt;\">Conform\u00e9ment \u00e0 la r\u00e9glementation applicable, vous disposez des droits suivants :<\/span><\/p>\n<ul>\n<li><span style=\"font-size: 12.0pt;\">droit d\u2019acc\u00e8s \u00e0 vos donn\u00e9es ;<\/span><\/li>\n<li><span style=\"font-size: 12pt; text-indent: -18pt;\">droit de rectification ;<\/span><\/li>\n<li><span style=\"font-size: 12.0pt;\">droit d\u2019effacement ;<\/span><\/li>\n<li><span style=\"font-size: 12.0pt;\">droit \u00e0 la limitation du traitement ;<\/span><\/li>\n<li><span style=\"font-size: 12.0pt;\">droit d\u2019opposition ;<\/span><\/li>\n<li><span style=\"font-size: 12.0pt;\">droit au retrait de votre consentement \u00e0 tout moment.<\/span><\/li>\n<\/ul>\n<p><span style=\"font-size: 12.0pt;\">&nbsp;<\/span><\/p>\n<p><span style=\"font-size: 12pt;\">Pour exercer vos droits, vous pouvez nous contacter \u00e0 l\u2019adresse suivante : <\/span><a style=\"font-size: 12pt; background-color: #ffffff;\" href=\"mailto:contact@ihu-respirera.fr\">contact@ihu-respirera.fr<\/a><\/p>\n<p><span style=\"font-size: 12.0pt;\">Vous pouvez \u00e9galement vous d\u00e9sabonner \u00e0 tout moment via le lien pr\u00e9vu \u00e0 cet effet dans chaque newsletter.<\/span><\/p>\n<p><span style=\"font-size: 12.0pt;\">Si vous estimez, apr\u00e8s nous avoir contact\u00e9s, que vos droits ne sont pas respect\u00e9s, vous pouvez adresser une r\u00e9clamation \u00e0 la CNIL.<\/span><\/p>\n<p><span style=\"font-size: 12.0pt;\">&nbsp;<\/span><\/p>\n<h2 style=\"margin-left: 18.0pt; text-indent: -18.0pt; mso-list: l5 level1 lfo6;\"><!-- [if !supportLists]--><b>9. S\u00e9curit\u00e9 des donn\u00e9es<\/b><\/h2>\n<p><span style=\"font-size: 12.0pt;\">L\u2019IHU RespirERA met en \u0153uvre des mesures adapt\u00e9es pour prot\u00e9ger vos donn\u00e9es personnelles contre tout acc\u00e8s non autoris\u00e9, perte, divulgation ou modification.<\/span><\/p>\n<p><span style=\"font-size: 12.0pt;\">&nbsp;<\/span><\/p>\n<h2 style=\"margin-left: 18.0pt; text-indent: -18.0pt; mso-list: l5 level1 lfo6;\"><!-- [if !supportLists]--><strong>10. Mise \u00e0 jour de cette politique<\/strong><\/h2>\n<p><span style=\"font-size: 12.0pt;\">La pr\u00e9sente politique de confidentialit\u00e9 peut \u00eatre modifi\u00e9e \u00e0 tout moment afin de tenir compte d\u2019\u00e9volutions r\u00e9glementaires, juridiques ou techniques.<\/span><\/p>\n<p><span style=\"font-size: 12.0pt;\">Nous vous invitons \u00e0 la consulter r\u00e9guli\u00e8rement.<\/span><\/p>\t\t\t\t\t\t\t\t<\/div>\n\t\t\t\t\t<\/div>\n\t\t<\/div>\n\t\t\t\t\t<\/div>\n\t\t<\/section>\n\t\t\t\t<\/div>\n\t\t","protected":false},"excerpt":{"rendered":"<p>Politique de confidentialit\u00e9 &#8211; Newsletter de l&rsquo;IHU RespirERA Derni\u00e8re mise \u00e0 jour : 12 mars 2026 L\u2019IHU RespirERA veille \u00e0 prot\u00e9ger vos donn\u00e9es personnelles. votre adresse e-mail ; la date de votre inscription ; les informations li\u00e9es \u00e0 votre abonnement ou \u00e0 votre d\u00e9sinscription ; des donn\u00e9es statistiques de suivi, comme l\u2019ouverture des e-mails et [&hellip;]<\/p>\n","protected":false},"author":9,"featured_media":0,"parent":0,"menu_order":0,"comment_status":"closed","ping_status":"closed","template":"","meta":{"footnotes":""},"folder":[],"class_list":["post-6398","page","type-page","status-publish","hentry"],"_links":{"self":[{"href":"https:\/\/ihu-respirera.fr\/fr\/wp-json\/wp\/v2\/pages\/6398","targetHints":{"allow":["GET"]}}],"collection":[{"href":"https:\/\/ihu-respirera.fr\/fr\/wp-json\/wp\/v2\/pages"}],"about":[{"href":"https:\/\/ihu-respirera.fr\/fr\/wp-json\/wp\/v2\/types\/page"}],"author":[{"embeddable":true,"href":"https:\/\/ihu-respirera.fr\/fr\/wp-json\/wp\/v2\/users\/9"}],"replies":[{"embeddable":true,"href":"https:\/\/ihu-respirera.fr\/fr\/wp-json\/wp\/v2\/comments?post=6398"}],"version-history":[{"count":0,"href":"https:\/\/ihu-respirera.fr\/fr\/wp-json\/wp\/v2\/pages\/6398\/revisions"}],"wp:attachment":[{"href":"https:\/\/ihu-respirera.fr\/fr\/wp-json\/wp\/v2\/media?parent=6398"}],"wp:term":[{"taxonomy":"folder","embeddable":true,"href":"https:\/\/ihu-respirera.fr\/fr\/wp-json\/wp\/v2\/folder?post=6398"}],"curies":[{"name":"wp","href":"https:\/\/api.w.org\/{rel}","templated":true}]}}